{"id":5,"date":"2017-01-31T11:40:10","date_gmt":"2017-01-31T11:40:10","guid":{"rendered":"http:\/\/caminosantiago.zeus.umh.es\/presentacion\/"},"modified":"2017-11-15T18:06:21","modified_gmt":"2017-11-15T17:06:21","slug":"presentacion","status":"publish","type":"page","link":"https:\/\/caminosantiago.umh.es\/ca\/","title":{"rendered":"Presentaci\u00f3n"},"content":{"rendered":"<p>P\u00e1gina de presentaci\u00f3n de la unidad organizativa<\/p>","protected":false},"excerpt":{"rendered":"<p>P\u00e1gina de presentaci\u00f3n de la unidad organizativa<\/p>\n","protected":false},"author":1,"featured_media":0,"parent":0,"menu_order":0,"comment_status":"closed","ping_status":"open","template":"","meta":{"_links_to":"","_links_to_target":""},"_links":{"self":[{"href":"https:\/\/caminosantiago.umh.es\/ca\/wp-json\/wp\/v2\/pages\/5"}],"collection":[{"href":"https:\/\/caminosantiago.umh.es\/ca\/wp-json\/wp\/v2\/pages"}],"about":[{"href":"https:\/\/caminosantiago.umh.es\/ca\/wp-json\/wp\/v2\/types\/page"}],"author":[{"embeddable":true,"href":"https:\/\/caminosantiago.umh.es\/ca\/wp-json\/wp\/v2\/users\/1"}],"replies":[{"embeddable":true,"href":"https:\/\/caminosantiago.umh.es\/ca\/wp-json\/wp\/v2\/comments?post=5"}],"version-history":[{"count":0,"href":"https:\/\/caminosantiago.umh.es\/ca\/wp-json\/wp\/v2\/pages\/5\/revisions"}],"wp:attachment":[{"href":"https:\/\/caminosantiago.umh.es\/ca\/wp-json\/wp\/v2\/media?parent=5"}],"curies":[{"name":"wp","href":"https:\/\/api.w.org\/{rel}","templated":true}]}}