{"id":40,"date":"2017-03-16T11:14:56","date_gmt":"2017-03-16T11:14:56","guid":{"rendered":"http:\/\/caminosantiago.umh.es\/?page_id=40"},"modified":"2017-03-16T11:44:40","modified_gmt":"2017-03-16T11:44:40","slug":"foro","status":"publish","type":"page","link":"https:\/\/caminosantiago.umh.es\/en\/foro\/","title":{"rendered":"<span lang=\"es\">(Espa\u00f1ol) Otra informaci\u00f3n de inter\u00e9s<\/span>"},"content":{"rendered":"","protected":false},"excerpt":{"rendered":"","protected":false},"author":1554,"featured_media":0,"parent":0,"menu_order":4,"comment_status":"closed","ping_status":"closed","template":"","meta":{"_links_to":"","_links_to_target":""},"_links":{"self":[{"href":"https:\/\/caminosantiago.umh.es\/en\/wp-json\/wp\/v2\/pages\/40"}],"collection":[{"href":"https:\/\/caminosantiago.umh.es\/en\/wp-json\/wp\/v2\/pages"}],"about":[{"href":"https:\/\/caminosantiago.umh.es\/en\/wp-json\/wp\/v2\/types\/page"}],"author":[{"embeddable":true,"href":"https:\/\/caminosantiago.umh.es\/en\/wp-json\/wp\/v2\/users\/1554"}],"replies":[{"embeddable":true,"href":"https:\/\/caminosantiago.umh.es\/en\/wp-json\/wp\/v2\/comments?post=40"}],"version-history":[{"count":0,"href":"https:\/\/caminosantiago.umh.es\/en\/wp-json\/wp\/v2\/pages\/40\/revisions"}],"wp:attachment":[{"href":"https:\/\/caminosantiago.umh.es\/en\/wp-json\/wp\/v2\/media?parent=40"}],"curies":[{"name":"wp","href":"https:\/\/api.w.org\/{rel}","templated":true}]}}